{"id":478,"date":"2017-12-15T15:34:55","date_gmt":"2017-12-15T14:34:55","guid":{"rendered":"https:\/\/cruisenfly.com\/?page_id=478"},"modified":"2019-01-30T18:48:37","modified_gmt":"2019-01-30T17:48:37","slug":"croisiere-challenge-de-close-up-bernard-andrei-2018","status":"publish","type":"page","link":"https:\/\/cruisenfly.com\/?page_id=478","title":{"rendered":"Croisi\u00e8re Challenge de Close-Up Bernard Andre\u00ef 2019"},"content":{"rendered":"<h1 style=\"text-align: center;\">21 au 24 mars 2019<\/h1>\r\n<p style=\"text-align: justify;\"><span style=\"color: #333333;\">Apr\u00e8s une deuxi\u00e8me croisi\u00e8re tr\u00e8s appr\u00e9ci\u00e9e par tous les participants, voil\u00e0 la troisi\u00e8me \u00e9dition du Challenge de Close-up Bernard Andre\u00ef avec un concours de close-up pour remettre en comp\u00e9tition le prix pas encore attribu\u00e9 qui devra revenir au prochain vainqueur de ce Challenge 2018. Les membres du Jury pour le concours seront compos\u00e9s des magiciens professionnels engag\u00e9s, pr\u00e9sid\u00e9 par son Pr\u00e9sident Domenico Dante, Pr\u00e9sident de la FISM et de Madame H\u00e9l\u00e8ne Andrei.<\/span><\/p>\r\n<p style=\"text-align: center;\">D\u00e9part de Paris<\/p>\r\n<blockquote>\r\n<h4 style=\"text-align: left;\"><a href=\"https:\/\/cruisenfly.com\/wp-content\/uploads\/2019\/01\/Nouvelle-brochure-BA-2019.pdf\"><img loading=\"lazy\" decoding=\"async\" class=\"aligncenter wp-image-680 size-full\" src=\"https:\/\/cruisenfly.com\/wp-content\/uploads\/2018\/11\/banni\u00e8re-RS.jpg\" alt=\"\" width=\"851\" height=\"312\" srcset=\"https:\/\/cruisenfly.com\/wp-content\/uploads\/2018\/11\/banni\u00e8re-RS.jpg 851w, https:\/\/cruisenfly.com\/wp-content\/uploads\/2018\/11\/banni\u00e8re-RS-300x110.jpg 300w\" sizes=\"auto, (max-width: 851px) 100vw, 851px\" \/><\/a><\/h4>\r\n<p style=\"text-align: center;\"><a href=\"https:\/\/cruisenfly.com\/wp-content\/uploads\/2019\/01\/Nouvelle-brochure-BA-2019.pdf\">Coup d\u2019\u0153il sur la brochure !<\/a><\/p>\r\n<\/blockquote>\r\n<p><a href=\"https:\/\/cruisenfly.com\/wp-content\/uploads\/2019\/01\/Nouvelle-brochure-BA-2019.pdf\"><img loading=\"lazy\" decoding=\"async\" class=\"aligncenter wp-image-712 size-medium\" src=\"https:\/\/cruisenfly.com\/wp-content\/uploads\/2018\/12\/Nouvelle-brochure-BA-2019-212x300.jpg\" alt=\"\" width=\"212\" height=\"300\" srcset=\"https:\/\/cruisenfly.com\/wp-content\/uploads\/2018\/12\/Nouvelle-brochure-BA-2019-212x300.jpg 212w, https:\/\/cruisenfly.com\/wp-content\/uploads\/2018\/12\/Nouvelle-brochure-BA-2019-848x1200.jpg 848w\" sizes=\"auto, (max-width: 212px) 100vw, 212px\" \/><\/a> <a href=\"https:\/\/cruisenfly.com\/wp-content\/uploads\/2019\/01\/Brochure-BA-2019-english-1.pdf\"><img loading=\"lazy\" decoding=\"async\" class=\"aligncenter wp-image-717\" src=\"https:\/\/cruisenfly.com\/wp-content\/uploads\/2018\/12\/1200px-Flag_of_the_United_Kingdom.svg_-300x150.png\" alt=\"\" width=\"152\" height=\"76\" srcset=\"https:\/\/cruisenfly.com\/wp-content\/uploads\/2018\/12\/1200px-Flag_of_the_United_Kingdom.svg_-300x150.png 300w, https:\/\/cruisenfly.com\/wp-content\/uploads\/2018\/12\/1200px-Flag_of_the_United_Kingdom.svg_.png 1200w\" sizes=\"auto, (max-width: 152px) 100vw, 152px\" \/><\/a><\/p>\r\n<figure class=\"wp-block-image\"><a href=\"https:\/\/cruisenfly.com\/wp-content\/uploads\/2019\/01\/Brochure-BA-2019-italian-1.pdf\"><img loading=\"lazy\" decoding=\"async\" class=\"aligncenter wp-image-716\" src=\"https:\/\/cruisenfly.com\/wp-content\/uploads\/2018\/12\/langfr-225px-Flag_of_Italy.svg_.png\" alt=\"\" width=\"164\" height=\"109\" \/><\/a><\/figure>\r\n<p><a href=\"https:\/\/cruisenfly.com\/wp-content\/uploads\/2018\/12\/brochure-italien-BA-2019.jpg\"><\/a> Vous souhaitez obtenir le feuillet d\u2019inscription ? Laissez-nous vos coordonn\u00e9es. \n<div class=\"wpcf7 no-js\" id=\"wpcf7-f468-o1\" lang=\"fr-FR\" dir=\"ltr\" data-wpcf7-id=\"468\">\n<div class=\"screen-reader-response\"><p role=\"status\" aria-live=\"polite\" aria-atomic=\"true\"><\/p> <ul><\/ul><\/div>\n<form action=\"\/index.php?rest_route=%2Fwp%2Fv2%2Fpages%2F478#wpcf7-f468-o1\" method=\"post\" class=\"wpcf7-form init\" aria-label=\"Formulaire de contact\" novalidate=\"novalidate\" data-status=\"init\">\n<fieldset class=\"hidden-fields-container\"><input type=\"hidden\" name=\"_wpcf7\" value=\"468\" \/><input type=\"hidden\" name=\"_wpcf7_version\" value=\"6.1.5\" \/><input type=\"hidden\" name=\"_wpcf7_locale\" value=\"fr_FR\" \/><input type=\"hidden\" name=\"_wpcf7_unit_tag\" value=\"wpcf7-f468-o1\" \/><input type=\"hidden\" name=\"_wpcf7_container_post\" value=\"0\" \/><input type=\"hidden\" name=\"_wpcf7_posted_data_hash\" value=\"\" \/>\n<\/fieldset>\n<p><label> Votre nom (obligatoire)<br \/>\n<span class=\"wpcf7-form-control-wrap\" data-name=\"your-name\"><input size=\"40\" maxlength=\"400\" class=\"wpcf7-form-control wpcf7-text wpcf7-validates-as-required\" aria-required=\"true\" aria-invalid=\"false\" value=\"\" type=\"text\" name=\"your-name\" \/><\/span> <\/label>\n<\/p>\n<p><label> Votre adresse de messagerie (obligatoire)<br \/>\n<span class=\"wpcf7-form-control-wrap\" data-name=\"your-email\"><input size=\"40\" maxlength=\"400\" class=\"wpcf7-form-control wpcf7-email wpcf7-validates-as-required wpcf7-text wpcf7-validates-as-email\" aria-required=\"true\" aria-invalid=\"false\" value=\"\" type=\"email\" name=\"your-email\" \/><\/span> <\/label>\n<\/p>\n<p><label> Votre t\u00e9l\u00e9phone (obligatoire)<br \/>\n<span class=\"wpcf7-form-control-wrap\" data-name=\"tel-75\"><input size=\"40\" maxlength=\"400\" class=\"wpcf7-form-control wpcf7-tel wpcf7-validates-as-required wpcf7-text wpcf7-validates-as-tel\" aria-required=\"true\" aria-invalid=\"false\" value=\"\" type=\"tel\" name=\"tel-75\" \/><\/span> <\/label>\n<\/p>\n<p><label> Objet<br \/>\n<span class=\"wpcf7-form-control-wrap\" data-name=\"menu-961\"><select class=\"wpcf7-form-control wpcf7-select wpcf7-validates-as-required\" aria-required=\"true\" aria-invalid=\"false\" name=\"menu-961\"><option value=\"Demande d&#039;informations sur la croisi\u00e8re\">Demande d&#039;informations sur la croisi\u00e8re<\/option><option value=\"Demande de devis\">Demande de devis<\/option><option value=\"Demande de rappel\">Demande de rappel<\/option><\/select><\/span> <\/label>\n<\/p>\n<p><label> Votre message<br \/>\n<span class=\"wpcf7-form-control-wrap\" data-name=\"your-message\"><textarea cols=\"40\" rows=\"10\" maxlength=\"2000\" class=\"wpcf7-form-control wpcf7-textarea\" aria-invalid=\"false\" name=\"your-message\"><\/textarea><\/span> <\/label>\n<\/p>\n<p><input class=\"wpcf7-form-control wpcf7-submit has-spinner\" type=\"submit\" value=\"Envoyer\" \/>\n<\/p><div class=\"wpcf7-response-output\" aria-hidden=\"true\"><\/div>\n<\/form>\n<\/div>\n<\/p>","protected":false},"excerpt":{"rendered":"<p>21 au 24 mars 2019 Apr\u00e8s une deuxi\u00e8me croisi\u00e8re tr\u00e8s appr\u00e9ci\u00e9e par tous les participants, voil\u00e0 la troisi\u00e8me \u00e9dition du Challenge de Close-up Bernard Andre\u00ef avec un concours de close-up pour remettre en comp\u00e9tition le prix pas encore attribu\u00e9 qui devra revenir au prochain vainqueur de ce Challenge 2018. Les membres du Jury pour le [&hellip;]<\/p>\n","protected":false},"author":2,"featured_media":0,"parent":0,"menu_order":0,"comment_status":"closed","ping_status":"closed","template":"","meta":{"_et_pb_use_builder":"","_et_pb_old_content":"","footnotes":""},"class_list":["post-478","page","type-page","status-publish","hentry"],"_links":{"self":[{"href":"https:\/\/cruisenfly.com\/index.php?rest_route=\/wp\/v2\/pages\/478","targetHints":{"allow":["GET"]}}],"collection":[{"href":"https:\/\/cruisenfly.com\/index.php?rest_route=\/wp\/v2\/pages"}],"about":[{"href":"https:\/\/cruisenfly.com\/index.php?rest_route=\/wp\/v2\/types\/page"}],"author":[{"embeddable":true,"href":"https:\/\/cruisenfly.com\/index.php?rest_route=\/wp\/v2\/users\/2"}],"replies":[{"embeddable":true,"href":"https:\/\/cruisenfly.com\/index.php?rest_route=%2Fwp%2Fv2%2Fcomments&post=478"}],"version-history":[{"count":28,"href":"https:\/\/cruisenfly.com\/index.php?rest_route=\/wp\/v2\/pages\/478\/revisions"}],"predecessor-version":[{"id":815,"href":"https:\/\/cruisenfly.com\/index.php?rest_route=\/wp\/v2\/pages\/478\/revisions\/815"}],"wp:attachment":[{"href":"https:\/\/cruisenfly.com\/index.php?rest_route=%2Fwp%2Fv2%2Fmedia&parent=478"}],"curies":[{"name":"wp","href":"https:\/\/api.w.org\/{rel}","templated":true}]}}