{"id":449,"date":"2017-10-09T18:49:48","date_gmt":"2017-10-09T17:49:48","guid":{"rendered":"https:\/\/cruisenfly.com\/?page_id=449"},"modified":"2018-04-30T12:32:27","modified_gmt":"2018-04-30T11:32:27","slug":"voyage-en-terre-sainte-2018","status":"publish","type":"page","link":"https:\/\/cruisenfly.com\/?page_id=449","title":{"rendered":"Voyage en Terre Sainte 2018"},"content":{"rendered":"<h3 style=\"text-align: center;\"><span style=\"color: #333333;\">DU 09 AU 18 MARS 2018<\/span><\/h3>\n<h3><span style=\"color: #333333;\">\u00ab\u00a0Aux lieux sources de la bible\u00a0\u00bb. Avec ce voyage spirituel en Terre Sainte, laissez vous porter par l&rsquo;histoire du Juda\u00efsme vous permettant ainsi de red\u00e9couvrir la vie du Christ.<\/span><\/h3>\n<p><span style=\"color: #333333;\">NB : Pour toutes informations concernant ce voyage, contactez nous au +377 97 70 25 60<\/span><\/p>\n<p style=\"text-align: center;\"><a href=\"https:\/\/cruisenfly.com\/wp-content\/uploads\/2017\/10\/Terre-sainte.pdf\"><img loading=\"lazy\" decoding=\"async\" class=\"aligncenter wp-image-454 size-medium\" src=\"https:\/\/cruisenfly.com\/wp-content\/uploads\/2017\/10\/Terre-sainte-1-212x300.jpg\" alt=\"\" width=\"212\" height=\"300\" srcset=\"https:\/\/cruisenfly.com\/wp-content\/uploads\/2017\/10\/Terre-sainte-1-212x300.jpg 212w, https:\/\/cruisenfly.com\/wp-content\/uploads\/2017\/10\/Terre-sainte-1-848x1200.jpg 848w\" sizes=\"auto, (max-width: 212px) 100vw, 212px\" \/>D\u00e9couvrez la brochure<\/a><\/p>\n","protected":false},"excerpt":{"rendered":"<p>DU 09 AU 18 MARS 2018 \u00ab\u00a0Aux lieux sources de la bible\u00a0\u00bb. Avec ce voyage spirituel en Terre Sainte, laissez vous porter par l&rsquo;histoire du Juda\u00efsme vous permettant ainsi de red\u00e9couvrir la vie du Christ. NB : Pour toutes informations concernant ce voyage, contactez nous au +377 97 70 25 60 D\u00e9couvrez la brochure<\/p>\n","protected":false},"author":2,"featured_media":0,"parent":0,"menu_order":0,"comment_status":"closed","ping_status":"closed","template":"","meta":{"_et_pb_use_builder":"","_et_pb_old_content":"","footnotes":""},"class_list":["post-449","page","type-page","status-publish","hentry"],"_links":{"self":[{"href":"https:\/\/cruisenfly.com\/index.php?rest_route=\/wp\/v2\/pages\/449","targetHints":{"allow":["GET"]}}],"collection":[{"href":"https:\/\/cruisenfly.com\/index.php?rest_route=\/wp\/v2\/pages"}],"about":[{"href":"https:\/\/cruisenfly.com\/index.php?rest_route=\/wp\/v2\/types\/page"}],"author":[{"embeddable":true,"href":"https:\/\/cruisenfly.com\/index.php?rest_route=\/wp\/v2\/users\/2"}],"replies":[{"embeddable":true,"href":"https:\/\/cruisenfly.com\/index.php?rest_route=%2Fwp%2Fv2%2Fcomments&post=449"}],"version-history":[{"count":5,"href":"https:\/\/cruisenfly.com\/index.php?rest_route=\/wp\/v2\/pages\/449\/revisions"}],"predecessor-version":[{"id":604,"href":"https:\/\/cruisenfly.com\/index.php?rest_route=\/wp\/v2\/pages\/449\/revisions\/604"}],"wp:attachment":[{"href":"https:\/\/cruisenfly.com\/index.php?rest_route=%2Fwp%2Fv2%2Fmedia&parent=449"}],"curies":[{"name":"wp","href":"https:\/\/api.w.org\/{rel}","templated":true}]}}