{"id":317,"date":"2017-07-13T12:19:50","date_gmt":"2017-07-13T11:19:50","guid":{"rendered":"https:\/\/cruisenfly.com\/?page_id=317"},"modified":"2018-04-30T12:46:30","modified_gmt":"2018-04-30T11:46:30","slug":"croisiere-andalousie-rotary-2017","status":"publish","type":"page","link":"https:\/\/cruisenfly.com\/?page_id=317","title":{"rendered":"Croisi\u00e8re Andalousie Rotary 2018"},"content":{"rendered":"<h3 style=\"text-align: center;\"><span style=\"color: #333333;\">DU 25 OCTOBRE AU 1ER NOVEMBRE 2018<\/span><\/h3>\n<p><img loading=\"lazy\" decoding=\"async\" class=\"size-full wp-image-594 aligncenter\" src=\"https:\/\/cruisenfly.com\/wp-content\/uploads\/2018\/04\/andal.jpg\" alt=\"\" width=\"1250\" height=\"625\" srcset=\"https:\/\/cruisenfly.com\/wp-content\/uploads\/2018\/04\/andal.jpg 1250w, https:\/\/cruisenfly.com\/wp-content\/uploads\/2018\/04\/andal-300x150.jpg 300w\" sizes=\"auto, (max-width: 1250px) 100vw, 1250px\" \/><\/p>\n<h3 style=\"text-align: center;\">Croisi\u00e8re en Andalousie avec le Rotary Club Beausoleil<\/h3>\n<p style=\"text-align: center;\">D\u00e9part de Nice (ou de votre r\u00e9gion)<\/p>\n<p style=\"text-align: center;\">SUR LE NAVIRE FLUVIAL MS LA BELLE DE CADIX<\/p>\n<p style=\"text-align: center;\"><a href=\"https:\/\/cruisenfly.com\/wp-content\/uploads\/2018\/03\/Brochure-andalousie-2018.pdf\"><img loading=\"lazy\" decoding=\"async\" class=\"aligncenter wp-image-371 size-medium\" src=\"https:\/\/cruisenfly.com\/wp-content\/uploads\/2017\/07\/Andalousie-croisi\u00e8re-page-1-212x300.png\" alt=\"\" width=\"212\" height=\"300\" srcset=\"https:\/\/cruisenfly.com\/wp-content\/uploads\/2017\/07\/Andalousie-croisi\u00e8re-page-1-212x300.png 212w, https:\/\/cruisenfly.com\/wp-content\/uploads\/2017\/07\/Andalousie-croisi\u00e8re-page-1-848x1200.png 848w\" sizes=\"auto, (max-width: 212px) 100vw, 212px\" \/><\/a><a href=\"https:\/\/cruisenfly.com\/wp-content\/uploads\/2018\/03\/Brochure-andalousie-2018.pdf\">Coup d\u2019\u0153il sur la brochure !<\/a><\/p>\n<blockquote>\n<h4 style=\"text-align: left;\">Les +<\/h4>\n<p style=\"text-align: left;\">Des soir\u00e9es exclusives et th\u00e9matis\u00e9es<br \/>\nVisite d&rsquo;une Hacienda et de la bodega Osbourne.<\/p>\n<p style=\"text-align: left;\">Excursions \u00e0 Grenade et d\u00e9gustation des vins locaux.<\/p>\n<\/blockquote>\n","protected":false},"excerpt":{"rendered":"<p>DU 25 OCTOBRE AU 1ER NOVEMBRE 2018 Croisi\u00e8re en Andalousie avec le Rotary Club Beausoleil D\u00e9part de Nice (ou de votre r\u00e9gion) SUR LE NAVIRE FLUVIAL MS LA BELLE DE CADIX Coup d\u2019\u0153il sur la brochure ! Les + Des soir\u00e9es exclusives et th\u00e9matis\u00e9es Visite d&rsquo;une Hacienda et de la bodega Osbourne. Excursions \u00e0 Grenade [&hellip;]<\/p>\n","protected":false},"author":2,"featured_media":0,"parent":288,"menu_order":0,"comment_status":"closed","ping_status":"closed","template":"","meta":{"_et_pb_use_builder":"","_et_pb_old_content":"","footnotes":""},"class_list":["post-317","page","type-page","status-publish","hentry"],"_links":{"self":[{"href":"https:\/\/cruisenfly.com\/index.php?rest_route=\/wp\/v2\/pages\/317","targetHints":{"allow":["GET"]}}],"collection":[{"href":"https:\/\/cruisenfly.com\/index.php?rest_route=\/wp\/v2\/pages"}],"about":[{"href":"https:\/\/cruisenfly.com\/index.php?rest_route=\/wp\/v2\/types\/page"}],"author":[{"embeddable":true,"href":"https:\/\/cruisenfly.com\/index.php?rest_route=\/wp\/v2\/users\/2"}],"replies":[{"embeddable":true,"href":"https:\/\/cruisenfly.com\/index.php?rest_route=%2Fwp%2Fv2%2Fcomments&post=317"}],"version-history":[{"count":19,"href":"https:\/\/cruisenfly.com\/index.php?rest_route=\/wp\/v2\/pages\/317\/revisions"}],"predecessor-version":[{"id":610,"href":"https:\/\/cruisenfly.com\/index.php?rest_route=\/wp\/v2\/pages\/317\/revisions\/610"}],"up":[{"embeddable":true,"href":"https:\/\/cruisenfly.com\/index.php?rest_route=\/wp\/v2\/pages\/288"}],"wp:attachment":[{"href":"https:\/\/cruisenfly.com\/index.php?rest_route=%2Fwp%2Fv2%2Fmedia&parent=317"}],"curies":[{"name":"wp","href":"https:\/\/api.w.org\/{rel}","templated":true}]}}