{"id":130,"date":"2016-01-18T15:40:45","date_gmt":"2016-01-18T14:40:45","guid":{"rendered":"https:\/\/cruisenfly.com\/?page_id=130"},"modified":"2016-01-21T19:43:14","modified_gmt":"2016-01-21T18:43:14","slug":"voeux","status":"publish","type":"page","link":"https:\/\/cruisenfly.com\/?page_id=130","title":{"rendered":"CROISIERE DU ROTARY 2016"},"content":{"rendered":"<h1 style=\"text-align: left;\"><b><\/b><strong><img loading=\"lazy\" decoding=\"async\" class=\"size-full wp-image-139 alignnone\" src=\"https:\/\/cruisenfly.com\/wp-content\/uploads\/2016\/01\/image001.jpg\" alt=\"Logo Rotary\" width=\"425\" height=\"139\" srcset=\"https:\/\/cruisenfly.com\/wp-content\/uploads\/2016\/01\/image001.jpg 425w, https:\/\/cruisenfly.com\/wp-content\/uploads\/2016\/01\/image001-300x98.jpg 300w\" sizes=\"auto, (max-width: 425px) 100vw, 425px\" \/><\/strong><\/h1>\n<h2 style=\"text-align: left;\"><strong>Voyagez utile en aidant\u00a0les\u00a0\u0153uvres du Rotary Club de Beausoleil<\/strong><\/h2>\n<p>&nbsp;<\/p>\n<h1><b>Du 30 octobre au 6 Novembre 2016<br \/>\n<\/b><\/h1>\n<h1><strong>Lisbonne &#8211; Porto &amp; la Vall\u00e9e du Douro<\/strong><\/h1>\n<h2>Tout compris au d\u00e9part de Nice<\/h2>\n<h3>Date limite des inscriptions le lundi 29 f\u00e9vrier 2016<\/h3>\n<h3>D\u00e9parts a\u00e9rien de chez vous possibles sur demande<\/h3>\n<p>&nbsp;<\/p>\n<h2>TOUT INCLUS A BORD<\/h2>\n<h2><\/h2>\n<h3>2 nuits \u00e0 Lisbonne &amp; 5 nuits en Croisi\u00e8re sur le Douro<\/h3>\n<h4>S\u00e9jour et Croisi\u00e8re fluviale de 8 jours et 7 nuits<\/h4>\n<h4>A\u00e9rien, transferts, excursions, assurances et boissons comprises au d\u00e9part de Nice<\/h4>\n<p>&nbsp;<\/p>\n<h3>Des lieux enchant\u00e9s \u00e0 d\u00e9couvrir absolument<\/h3>\n<h3><\/h3>\n<h4><img loading=\"lazy\" decoding=\"async\" class=\"alignnone wp-image-148\" src=\"https:\/\/cruisenfly.com\/wp-content\/uploads\/2016\/01\/image005.jpg\" alt=\"image005\" width=\"557\" height=\"199\" srcset=\"https:\/\/cruisenfly.com\/wp-content\/uploads\/2016\/01\/image005.jpg 720w, https:\/\/cruisenfly.com\/wp-content\/uploads\/2016\/01\/image005-300x107.jpg 300w\" sizes=\"auto, (max-width: 557px) 100vw, 557px\" \/><\/h4>\n<p><img loading=\"lazy\" decoding=\"async\" class=\"alignnone wp-image-149 size-full\" src=\"https:\/\/cruisenfly.com\/wp-content\/uploads\/2016\/01\/image006.jpg\" alt=\"image006\" width=\"557\" height=\"705\" srcset=\"https:\/\/cruisenfly.com\/wp-content\/uploads\/2016\/01\/image006.jpg 557w, https:\/\/cruisenfly.com\/wp-content\/uploads\/2016\/01\/image006-237x300.jpg 237w\" sizes=\"auto, (max-width: 557px) 100vw, 557px\" \/><\/p>\n<h2>A bord du MS Infante Don Henrique 4*<\/h2>\n<h2><img loading=\"lazy\" decoding=\"async\" class=\"alignnone size-full wp-image-150\" src=\"https:\/\/cruisenfly.com\/wp-content\/uploads\/2016\/01\/image014.jpg\" alt=\"image014\" width=\"211\" height=\"135\" \/> <img loading=\"lazy\" decoding=\"async\" class=\"alignnone size-full wp-image-151\" src=\"https:\/\/cruisenfly.com\/wp-content\/uploads\/2016\/01\/image016.jpg\" alt=\"image016\" width=\"189\" height=\"133\" \/> <img loading=\"lazy\" decoding=\"async\" class=\"alignnone size-full wp-image-152\" src=\"https:\/\/cruisenfly.com\/wp-content\/uploads\/2016\/01\/image017.jpg\" alt=\"image017\" width=\"201\" height=\"133\" \/><\/h2>\n<h5>\u00a0<a href=\"https:\/\/cruisenfly.com\/wp-content\/uploads\/2016\/01\/16-01-18-LE-ROTARY-EN-CHIFFRES.pdf\" rel=\"\">LE ROTARY EN CHIFFRES<\/a><\/h5>\n<p><a href=\"https:\/\/cruisenfly.com\/wp-content\/uploads\/2016\/01\/16-01-14_RV-PLI-Rotary-CroisiEurope.pdf\" rel=\"\">Brochure Croisi\u00e8re Rotary Douro<\/a><\/p>\n<p><a href=\"https:\/\/cruisenfly.com\/wp-content\/uploads\/2016\/01\/16-01-12-Programme-Croisi\u00e8re-Rotary-CruisenFly-CroisiEurope-CNF.pdf\" rel=\"\">Programme Croisi\u00e8re Rotary<\/a><\/p>\n<p><a href=\"https:\/\/cruisenfly.com\/wp-content\/uploads\/2016\/01\/16-01-12-INSCRIPTION-CABINE-CROISIERE-ROTARY-DOURO-30-OCT-6-NOV-2016.pdf\" rel=\"\">Inscription Cabine Croisi\u00e8re Rotary Douro 30 Oct 6 Nov 2016<\/a><\/p>\n<p><a href=\"https:\/\/cruisenfly.com\/wp-content\/uploads\/2016\/01\/16-01-18-Programme-Excursions-Croisi\u00e8re-Rotary-2016.pdf\" rel=\"\">Programme Excursions Croisi\u00e8re Rotary 2016<\/a><\/p>\n<p><a href=\"https:\/\/cruisenfly.com\/wp-content\/uploads\/2016\/01\/16-01-11-Fiche-Technique-Ms-Infante-Don-Henrique.pdf\" rel=\"\">Fiche Technique Ms Infante Don Henrique<\/a><\/p>\n<p>Vid\u00e9o Ms Infante Don Henrique<br \/>\n<iframe loading=\"lazy\" src=\"https:\/\/www.youtube.com\/embed\/Tu62Wz_1CjU\" width=\"1200\" height=\"400\" frameborder=\"0\" allowfullscreen=\"allowfullscreen\"><\/iframe><\/p>\n","protected":false},"excerpt":{"rendered":"<p>Voyagez utile en aidant\u00a0les\u00a0\u0153uvres du Rotary Club de Beausoleil &nbsp; Du 30 octobre au 6 Novembre 2016 Lisbonne &#8211; Porto &amp; la Vall\u00e9e du Douro Tout compris au d\u00e9part de Nice Date limite des inscriptions le lundi 29 f\u00e9vrier 2016 D\u00e9parts a\u00e9rien de chez vous possibles sur demande &nbsp; TOUT INCLUS A BORD 2 nuits [&hellip;]<\/p>\n","protected":false},"author":2,"featured_media":75,"parent":0,"menu_order":0,"comment_status":"closed","ping_status":"open","template":"page-full-width.php","meta":{"_et_pb_use_builder":"","_et_pb_old_content":"","footnotes":""},"class_list":["post-130","page","type-page","status-publish","has-post-thumbnail","hentry"],"_links":{"self":[{"href":"https:\/\/cruisenfly.com\/index.php?rest_route=\/wp\/v2\/pages\/130","targetHints":{"allow":["GET"]}}],"collection":[{"href":"https:\/\/cruisenfly.com\/index.php?rest_route=\/wp\/v2\/pages"}],"about":[{"href":"https:\/\/cruisenfly.com\/index.php?rest_route=\/wp\/v2\/types\/page"}],"author":[{"embeddable":true,"href":"https:\/\/cruisenfly.com\/index.php?rest_route=\/wp\/v2\/users\/2"}],"replies":[{"embeddable":true,"href":"https:\/\/cruisenfly.com\/index.php?rest_route=%2Fwp%2Fv2%2Fcomments&post=130"}],"version-history":[{"count":45,"href":"https:\/\/cruisenfly.com\/index.php?rest_route=\/wp\/v2\/pages\/130\/revisions"}],"predecessor-version":[{"id":211,"href":"https:\/\/cruisenfly.com\/index.php?rest_route=\/wp\/v2\/pages\/130\/revisions\/211"}],"wp:featuredmedia":[{"embeddable":true,"href":"https:\/\/cruisenfly.com\/index.php?rest_route=\/wp\/v2\/media\/75"}],"wp:attachment":[{"href":"https:\/\/cruisenfly.com\/index.php?rest_route=%2Fwp%2Fv2%2Fmedia&parent=130"}],"curies":[{"name":"wp","href":"https:\/\/api.w.org\/{rel}","templated":true}]}}